{"id":46,"date":"2023-09-18T11:08:25","date_gmt":"2023-09-18T11:08:25","guid":{"rendered":"https:\/\/new.t-c-c.at\/?page_id=46"},"modified":"2023-09-18T13:32:37","modified_gmt":"2023-09-18T13:32:37","slug":"energieeffizienz","status":"publish","type":"page","link":"https:\/\/www.t-c-c.at\/?page_id=46","title":{"rendered":"Energieeffizienz"},"content":{"rendered":"\n<p class=\"has-medium-font-size\"><strong>Umbau\u00a0W\u00e4rmer\u00fcckgewinnungsanlage<\/strong><\/p>\n\n\n\n<figure class=\"wp-block-image size-full\"><img loading=\"lazy\" decoding=\"async\" width=\"405\" height=\"116\" src=\"https:\/\/new.t-c-c.at\/wp-content\/uploads\/2023\/09\/efre.jpg\" alt=\"\" class=\"wp-image-192\" srcset=\"https:\/\/www.t-c-c.at\/wp-content\/uploads\/2023\/09\/efre.jpg 405w, https:\/\/www.t-c-c.at\/wp-content\/uploads\/2023\/09\/efre-300x86.jpg 300w\" sizes=\"auto, (max-width: 405px) 100vw, 405px\" \/><\/figure>\n\n\n\n<p>N\u00e4here Informationen zu IWB\/EFRE finden Sie auf\u00a0<a rel=\"noreferrer noopener\" href=\"http:\/\/www.efre.gv.at\/\" target=\"_blank\">www.efre.gv.at<\/a><\/p>\n\n\n\n<p><strong>Projekt:<\/strong><\/p>\n\n\n\n<p>Die L\u00fcftungsanlage L01 ist mit 44.000 m\u00b3\/h die gr\u00f6\u00dfte L\u00fcftungsanlage am Standort und stellt die Bel\u00fcftung der Seminarr\u00e4ume im Universit\u00e4tsgeb\u00e4ude sicher.&nbsp;Zur Realisierung der Energiestrategie 2050 wird die Anlage&nbsp;auf ein neues, hocheffizientes Hochleistungskreislaufverbundsystem umger\u00fcstet.&nbsp;Die Anlage erm\u00f6glicht&nbsp;eine massive Energieeffizienzsteigerung auf Basis eines Hochleistungskreislaufverbundsystems&nbsp;mit Hochleistungs-W\u00e4rmetauschern und einer integrierten bedarfsgerechten Regelung.<\/p>\n\n\n\n<p>Die bestehende Anlage stammt aus&nbsp;dem Jahr 2003 und hat ein einfaches,&nbsp;konventionelle Keislaufverbundsystem verbaut, welches&nbsp;direkt durch den Ger\u00e4tehersteller eingebaut wurde.&nbsp;Der energetische R\u00fcckgewinn liegt unter 20 %.<\/p>\n\n\n\n<p>Der Umbau der L\u00fcftungsanlage soll bei nahezu gleichbleibendem Platzbedarf die&nbsp;ErP-Richtlinie von 2018&nbsp;erf\u00fcllen und gleichzeitig die Energieeffizienz der L\u00fcftungsanlage um ca.&nbsp;40% steigern.<\/p>\n\n\n\n<p>Die Umbauarbeiten sollen zum Beginn der Heizperiode 2018 fertiggestellt sein.&nbsp;<\/p>\n\n\n\n<p>Dieses Projekt wird aus Mitteln des Europ\u00e4ischen Fonds f\u00fcr regionale Entwicklung kofinanziert.<\/p>\n","protected":false},"excerpt":{"rendered":"<p>Umbau\u00a0W\u00e4rmer\u00fcckgewinnungsanlage N\u00e4here Informationen zu IWB\/EFRE finden Sie auf\u00a0www.efre.gv.at Projekt: Die L\u00fcftungsanlage L01 ist mit 44.000 m\u00b3\/h die gr\u00f6\u00dfte L\u00fcftungsanlage am<\/p>\n","protected":false},"author":1,"featured_media":0,"parent":0,"menu_order":0,"comment_status":"closed","ping_status":"closed","template":"","meta":{"colormag_page_container_layout":"default_layout","colormag_page_sidebar_layout":"default_layout","footnotes":""},"class_list":["post-46","page","type-page","status-publish","hentry"],"_links":{"self":[{"href":"https:\/\/www.t-c-c.at\/index.php?rest_route=\/wp\/v2\/pages\/46","targetHints":{"allow":["GET"]}}],"collection":[{"href":"https:\/\/www.t-c-c.at\/index.php?rest_route=\/wp\/v2\/pages"}],"about":[{"href":"https:\/\/www.t-c-c.at\/index.php?rest_route=\/wp\/v2\/types\/page"}],"author":[{"embeddable":true,"href":"https:\/\/www.t-c-c.at\/index.php?rest_route=\/wp\/v2\/users\/1"}],"replies":[{"embeddable":true,"href":"https:\/\/www.t-c-c.at\/index.php?rest_route=%2Fwp%2Fv2%2Fcomments&post=46"}],"version-history":[{"count":2,"href":"https:\/\/www.t-c-c.at\/index.php?rest_route=\/wp\/v2\/pages\/46\/revisions"}],"predecessor-version":[{"id":194,"href":"https:\/\/www.t-c-c.at\/index.php?rest_route=\/wp\/v2\/pages\/46\/revisions\/194"}],"wp:attachment":[{"href":"https:\/\/www.t-c-c.at\/index.php?rest_route=%2Fwp%2Fv2%2Fmedia&parent=46"}],"curies":[{"name":"wp","href":"https:\/\/api.w.org\/{rel}","templated":true}]}}