{"id":42,"date":"2023-09-18T11:08:25","date_gmt":"2023-09-18T11:08:25","guid":{"rendered":"https:\/\/new.t-c-c.at\/?page_id=42"},"modified":"2023-10-24T11:49:36","modified_gmt":"2023-10-24T11:49:36","slug":"projektbeschreibung","status":"publish","type":"page","link":"https:\/\/www.t-c-c.at\/?page_id=42","title":{"rendered":"Projektbeschreibung"},"content":{"rendered":"\n<p>Das TCC (Tilak Competence Center) in Hall ist der Standort f\u00fcr medizinische Forschung &amp; Lehre sowie Informationstechnologie in Tirol und befindet sich auf dem Areal des Eduard-Walln\u00f6fer-Zentrums f\u00fcr Bildung und Innovation &#8211; auf dem Gel\u00e4nde n\u00f6rdlich des Bezirkskrankenhauses Hall.<\/p>\n\n\n\n<p>Das zukunftsweisende Projekt bietet optimale Voraussetzungen f\u00fcr ein repr\u00e4sentatives und vernetztes Arbeitsumfeld.<br>Unternehmen aus dem Bereich der Medizininformatik und -technik, Bildung und Wissenschaft, wie etwa die Private Universit\u00e4t f\u00fcr Gesundheitswissenschaften, Medizinische Informatik und Technik (UMIT), das Austria Research Center (ARC) oder das Ausbildungzentrum West f\u00fcr Gesundheitsberufe (AZW II), haben sich bereits f\u00fcr diesen attraktiven Standort entschieden.<\/p>\n\n\n\n<p>Auch innovative Unternehmen aus anderen Branchen finden hier optimale Bedingungen.<\/p>\n\n\n\n<figure class=\"wp-block-image size-large\"><img decoding=\"async\" src=\"https:\/\/www.t-c-c.at\/wp-content\/uploads\/2023\/09\/hall_impressionent.jpg\" alt=\"\"\/><\/figure>\n","protected":false},"excerpt":{"rendered":"<p>Das TCC (Tilak Competence Center) in Hall ist der Standort f\u00fcr medizinische Forschung &amp; Lehre sowie Informationstechnologie in Tirol und<\/p>\n","protected":false},"author":1,"featured_media":0,"parent":0,"menu_order":0,"comment_status":"closed","ping_status":"closed","template":"","meta":{"colormag_page_container_layout":"default_layout","colormag_page_sidebar_layout":"default_layout","footnotes":""},"class_list":["post-42","page","type-page","status-publish","hentry"],"_links":{"self":[{"href":"https:\/\/www.t-c-c.at\/index.php?rest_route=\/wp\/v2\/pages\/42","targetHints":{"allow":["GET"]}}],"collection":[{"href":"https:\/\/www.t-c-c.at\/index.php?rest_route=\/wp\/v2\/pages"}],"about":[{"href":"https:\/\/www.t-c-c.at\/index.php?rest_route=\/wp\/v2\/types\/page"}],"author":[{"embeddable":true,"href":"https:\/\/www.t-c-c.at\/index.php?rest_route=\/wp\/v2\/users\/1"}],"replies":[{"embeddable":true,"href":"https:\/\/www.t-c-c.at\/index.php?rest_route=%2Fwp%2Fv2%2Fcomments&post=42"}],"version-history":[{"count":3,"href":"https:\/\/www.t-c-c.at\/index.php?rest_route=\/wp\/v2\/pages\/42\/revisions"}],"predecessor-version":[{"id":339,"href":"https:\/\/www.t-c-c.at\/index.php?rest_route=\/wp\/v2\/pages\/42\/revisions\/339"}],"wp:attachment":[{"href":"https:\/\/www.t-c-c.at\/index.php?rest_route=%2Fwp%2Fv2%2Fmedia&parent=42"}],"curies":[{"name":"wp","href":"https:\/\/api.w.org\/{rel}","templated":true}]}}