{"id":124,"date":"2023-09-18T12:53:04","date_gmt":"2023-09-18T12:53:04","guid":{"rendered":"https:\/\/new.t-c-c.at\/?page_id=124"},"modified":"2023-10-24T11:47:41","modified_gmt":"2023-10-24T11:47:41","slug":"impressum-disclaimer","status":"publish","type":"page","link":"https:\/\/www.t-c-c.at\/?page_id=124","title":{"rendered":"Impressum &#038; Disclaimer"},"content":{"rendered":"\n<h1 class=\"wp-block-heading has-medium-font-size\">Impressum<\/h1>\n\n\n\n<p>Ver\u00f6ffentlichung nach \u00a7 5 Abs. 1 ECG:<\/p>\n\n\n\n<p>TCC Errichtungs- und Betriebsgesellschaft mbH<br>Eduard Walln\u00f6fer-Zentrum 1<br>A-6060 Hall i. T.<br>Tel: +43\/(0)50 8648-4400<br>Fax: +43\/(0)50 8648-674400<br><a href=\"mailto:office@t-c-c.at\">office@t-c-c.at<\/a><br>www.t-c-c.at<\/p>\n\n\n\n<p>Gesch\u00e4ftsf\u00fchrung<br>Mag. Florian Koll<br>MMag. Dr. Michael Kreuzmair<\/p>\n\n\n\n<p>FN 215037g<br>Gerichtstand BG Hall<br>UID ATU52781609<\/p>\n\n\n\n<p style=\"font-size:15px\"><a href=\"https:\/\/www.t-c-c.at\/wp-content\/uploads\/2023\/09\/tcc_gewerbeberechtigungen.pdf\" data-type=\"attachment\" data-id=\"289\" target=\"_blank\" rel=\"noreferrer noopener\">Gewerbeberechtigungen TCC<\/a><\/p>\n\n\n\n<p>Bankverbindung:<br>Raiffeisen Regionalbank Hall in Tirol &#8211; BLZ 36362 &#8211; Konto 2.001.113<br>IBAN AT43 3636 2000 0200 1113 &#8211; BIC RZTIAT22362<\/p>\n\n\n\n<p>Rechtliche Hinweise<\/p>\n\n\n\n<h1 class=\"wp-block-heading has-medium-font-size\">1. Allgemeine Informationen gem. \u00a7 5 Abs. 1 E-Commerce Gesetz<\/h1>\n\n\n\n<p>TCC Errichtungs- und Betriebs GmbH (kurz TCC GmbH)<br>Eduard Walln\u00f6fer-Zentrum 1<br>A-6060 Hall i. T.<br>Austria<\/p>\n\n\n\n<p>Tel: +43\/(0)508648-4400<br>Fax: +43\/(0)508648-674400<br>E-Mail:&nbsp;<a href=\"mailto:office@t-c-c.at\">office@t-c-c.at<\/a><br>Web: www.t-c-c.at<\/p>\n\n\n\n<p>Firmenbuchnummer und -gericht:<br>FN 215037 g LG Innsbruck<\/p>\n\n\n\n<p>Umsatzsteuer-Identifikationsnummer<br>UID ATU52781609<\/p>\n\n\n\n<p>Datenverarbeitungsregisterzahl:<br>&#8211;<\/p>\n\n\n\n<p>Personen, die auf der Webseite der TCC GmbH im World Wide Web ( www.t-c-c.at ) ver\u00f6ffentlichte Informationen abrufen, erkl\u00e4ren sich mit den nachstehenden Bedingungen einverstanden:<\/p>\n\n\n\n<h1 class=\"wp-block-heading has-medium-font-size\">2. Copyright<\/h1>\n\n\n\n<p>Der gesamte Inhalt und die Struktur der TCC-Website ist urheberrechtlich gesch\u00fctzt, die TCC beh\u00e4lt sich alle Rechte daran vor. Das Herunterladen oder Ausdrucken einzelner Seiten und\/oder von Teilbereichen der TCC-Website ist gestattet, sofern weder die Copyrightvermerke noch andere gesetzlich gesch\u00fctzte Bezeichnungen entfernt oder ge\u00e4ndert werden noch eine sonstige Modifizierung erfolgt. Kein Teil des Werkes darf ohne vorherige ausdr\u00fcckliche, schriftliche Genehmigung der TCC GmbH in irgend einer Form durch \u00dcbermitteln (elektronisch oder mit anderen Mitteln, z.B. durch Fotokopie, Fotografie, Mikrofilm, Datentr\u00e4ger oder andere Verfahren) reproduziert oder in eine von Maschinen, insbesondere von Datenverarbeitungsanlagen verwendbare Sprache \u00fcbertragen werden, noch \u00fcbermittelt (weder elektronisch noch mit anderen Mitteln), modifiziert, verkn\u00fcpft oder auf andere Weise f\u00fcr \u00f6ffentliche oder kommerzielle Zwecke benutzt werden. Durch die Nutzung der TCC-Website erh\u00e4lt der Nutzer keine Rechte an geistigem Eigentum oder Lizenzen.<\/p>\n\n\n\n<p>Die Vervielf\u00e4ltigung von Informationen oder Daten, insbesondere die Verwendung von Texten, Textteilen oder Bildmaterialien bedarf der vorherigen schriftlichen und ausdr\u00fccklichen Zustimmung der TCC GmbH.<\/p>\n\n\n\n<p>Auch die Rechte durch Wiedergabe durch Vortrag, Funk- und Fernsehsendung, durch Magnettonverfahren oder auf \u00e4hnlichem Weg bleiben zur G\u00e4nze vorbehalten.<\/p>\n\n\n\n<p>Wenn Sie Software oder sonstige Daten von der TCC-Website herunterladen oder auf andere Weise vervielf\u00e4ltigen, bleiben s\u00e4mtliche Eigentums-, Urheber-, Marken- und Nutzungsrechte bei der TCC GmbH.<\/p>\n\n\n\n<p>\u00a9 Copyright 2003 by TCC GmbH &#8211; alle Rechte vorbehalten.<\/p>\n\n\n\n<h1 class=\"wp-block-heading has-medium-font-size\"><br>3. Haftungsausschluss<\/h1>\n\n\n\n<p>Die TCC GmbH \u00fcbernimmt f\u00fcr die Richtigkeit, Vollst\u00e4ndigkeit und Aktualit\u00e4t der zur Verf\u00fcgung gestellten Informationen und Ansichten keine Haftung. Die Inhalte unterliegen ausschlie\u00dflich \u00f6sterreichischem Recht.<\/p>\n\n\n\n<p>Die auf der Web-Site enthaltenen Informationen stellen keine Unternehmens-, Finanz-, Rechts-, Anlage- oder sonstige Beratung dar, noch sollten auf Grund dieser Angaben Anlage- oder sonstige Entscheidungen gef\u00e4llt werden, sondern sie gelten lediglich als unverbindliche Information. Sie begr\u00fcnden weder eine Aufforderung noch ein Anbot oder eine Empfehlung zum Erwerb oder Verkauf von Anlageinstrumenten oder zur T\u00e4tigung sonstiger Transaktionen. Alle Inhalte, auf die der Benutzer \u00fcber die TCC-Website zugreift, werden von diesem auf eigenes Risiko verwendet.<\/p>\n\n\n\n<p>Die auf der TCC-Website verbreiteten Informationen und Ansichten werden von der TCC ausschlie\u00dflich f\u00fcr den privaten Gebrauch sowie f\u00fcr Informationszwecke bereitgestellt, sie k\u00f6nnen jederzeit und ohne vorherige Ank\u00fcndigung einseitig ge\u00e4ndert werden.<\/p>\n\n\n\n<p>Wenn Sie bestimmte Verkn\u00fcpfungen (Links) auf der TCC-Website aktivieren, verlassen Sie unter Umst\u00e4nden die TCC-Website. Die TCC hat andere, mit der TCC-Website verkn\u00fcpfte Sites nicht gepr\u00fcft und \u00fcbernimmt f\u00fcr deren Inhalte, die darin angebotenen Produkte, Dienstleistungen und sonstigen Angebote sowie f\u00fcr die Sicherheit der Verbindung keine wie immer geartete Haftung.<\/p>\n\n\n\n<p>Die Homepage der TCC GmbH kann von einer anderen Web-Site verlinkt worden sein mittels Hyperlink oder Bannertausch. F\u00fcr die Inhalte und Darstellungen der Websites Dritter \u00fcbernimmt die TCC GmbH keine Haftung, desgleichen nicht f\u00fcr die Sicherheit der Verbindung.<\/p>\n\n\n\n<p>Die TCC-Website ist nicht f\u00fcr Personen bestimmt, die einem Gerichtsstand unterstehen, welcher die Publikation bzw. den Zugang zur TCC-Website ( auf Grund der Nationalit\u00e4t der betreffenden Person, ihres Wohnsitzes oder aus anderen Gr\u00fcnden) verbietet. Personen, auf die solche Einschr\u00e4nkungen zutreffen, ist der Zugriff auf die TCC-Website nicht gestattet.<\/p>\n\n\n\n<p>Die TCC GmbH \u00fcbernimmt keine Verantwortung f\u00fcr jegliche Art von Problemen oder technischen Funktionsst\u00f6rungen von Telefonleitungen oder -netzwerken, Computer-Online-Systemen, Servern oder Providern sowie e-mail-Versagen.<\/p>\n\n\n\n<p>Es gilt ausschlie\u00dflich \u00f6sterreichisches Recht. Anspr\u00fcche, die sich auf die Nichteinhaltung von gesetzlichen Bestimmungen in Drittstaaten st\u00fctzen, sind ausgeschlossen.<\/p>\n\n\n\n<p>F\u00fcr Benutzer, die nicht Konsumenten (Verbraucher) im Sinne des \u00f6sterreichischen Konsumentenschutzgesetzes bzw. der einschl\u00e4gigen EU-Richtlinien sind, gilt der nicht ausschlie\u00dfliche Gerichtsstand Innsbruck.<\/p>\n\n\n\n<p>Verf\u00fcgbarkeit der Website<\/p>\n\n\n\n<p>Der Anbieter wird sich bem\u00fchen, den Dienst m\u00f6glichst unterbrechungsfrei zum Abruf anzubieten. Auch bei aller Sorgfalt k\u00f6nnen aber Ausfallzeiten nicht ausgeschlossen werden. Der Anbieter beh\u00e4lt sich das Recht vor, sein Angebot jederzeit zu \u00e4ndern oder einzustellen.<\/p>\n\n\n\n<h2 class=\"wp-block-heading has-medium-font-size\">Haftung f\u00fcr Links auf Webseiten Dritter<\/h2>\n\n\n\n<p>Unser Angebot enth\u00e4lt Links zu externen Websites. Auf den Inhalt dieser externen Webseiten haben wir keinerlei Einfluss. Deshalb k\u00f6nnen wir f\u00fcr diese fremden Inhalte auch keine Gew\u00e4hr \u00fcbernehmen. F\u00fcr die Inhalte der verlinkten Seiten ist stets der jeweilige Anbieter oder Betreiber der Seiten verantwortlich. Die verlinkten Seiten wurden zum Zeitpunkt der Verlinkung auf m\u00f6gliche Rechtsverst\u00f6\u00dfe \u00fcberpr\u00fcft. Rechtswidrige Inhalte waren zum Zeitpunkt der Verlinkung nicht erkennbar. Eine permanente inhaltliche Kontrolle der verlinkten Seiten ist jedoch ohne konkrete Anhaltspunkte einer Rechtsverletzung nicht zumutbar. Bei Bekanntwerden von Rechtsverletzungen werden wir derartige Links umgehend entfernen.<\/p>\n\n\n\n<h2 class=\"wp-block-heading has-medium-font-size\">Urheberrecht<\/h2>\n\n\n\n<p>Die Betreiber dieser Webseite sind bem\u00fcht, stets die Urheberrechte anderer zu beachten bzw. auf selbst erstellte sowie lizenzfreie Werke zur\u00fcckzugreifen. Die durch die Seitenbetreiber erstellten Inhalte und Werke auf dieser Webseite unterliegen dem Urheberrecht. Beitr\u00e4ge Dritter sind als solche gekennzeichnet. Die Vervielf\u00e4ltigung, Bearbeitung, Verbreitung und jede Art der Verwertung au\u00dferhalb der Grenzen des Urheberrechtes bed\u00fcrfen der schriftlichen Zustimmung des jeweiligen Autors bzw. Erstellers. Downloads und Kopien dieser Seite sind nur f\u00fcr den privaten, nicht kommerziellen Gebrauch gestattet.<\/p>\n\n\n\n<p><\/p>\n\n\n\n<p><\/p>\n\n\n\n<h1 class=\"wp-block-heading has-medium-font-size\">&nbsp;4. Allgemeine Gesch\u00e4ftsbedingungen<\/h1>\n\n\n\n<p>Erg\u00e4nzend zu den hier angef\u00fchrten Bestimmungen gelten die Allgemeinen Gesch\u00e4ftsbedingungen der TCC GmbH in der jeweils g\u00fcltigen Fassung.<\/p>\n\n\n\n<p><a href=\"https:\/\/www.t-c-c.at\/wp-content\/uploads\/2023\/09\/AGB_TCC-aktuell_05-2018.pdf\" data-type=\"attachment\" data-id=\"227\" target=\"_blank\" rel=\"noreferrer noopener\">AGB zum downloaden (pdf).<\/a><\/p>\n","protected":false},"excerpt":{"rendered":"<p>Impressum Ver\u00f6ffentlichung nach \u00a7 5 Abs. 1 ECG: TCC Errichtungs- und Betriebsgesellschaft mbHEduard Walln\u00f6fer-Zentrum 1A-6060 Hall i. T.Tel: +43\/(0)50 8648-4400Fax:<\/p>\n","protected":false},"author":1,"featured_media":0,"parent":0,"menu_order":0,"comment_status":"closed","ping_status":"closed","template":"","meta":{"colormag_page_container_layout":"default_layout","colormag_page_sidebar_layout":"default_layout","footnotes":""},"class_list":["post-124","page","type-page","status-publish","hentry"],"_links":{"self":[{"href":"https:\/\/www.t-c-c.at\/index.php?rest_route=\/wp\/v2\/pages\/124","targetHints":{"allow":["GET"]}}],"collection":[{"href":"https:\/\/www.t-c-c.at\/index.php?rest_route=\/wp\/v2\/pages"}],"about":[{"href":"https:\/\/www.t-c-c.at\/index.php?rest_route=\/wp\/v2\/types\/page"}],"author":[{"embeddable":true,"href":"https:\/\/www.t-c-c.at\/index.php?rest_route=\/wp\/v2\/users\/1"}],"replies":[{"embeddable":true,"href":"https:\/\/www.t-c-c.at\/index.php?rest_route=%2Fwp%2Fv2%2Fcomments&post=124"}],"version-history":[{"count":11,"href":"https:\/\/www.t-c-c.at\/index.php?rest_route=\/wp\/v2\/pages\/124\/revisions"}],"predecessor-version":[{"id":335,"href":"https:\/\/www.t-c-c.at\/index.php?rest_route=\/wp\/v2\/pages\/124\/revisions\/335"}],"wp:attachment":[{"href":"https:\/\/www.t-c-c.at\/index.php?rest_route=%2Fwp%2Fv2%2Fmedia&parent=124"}],"curies":[{"name":"wp","href":"https:\/\/api.w.org\/{rel}","templated":true}]}}