{"id":112,"date":"2023-09-18T12:50:09","date_gmt":"2023-09-18T12:50:09","guid":{"rendered":"https:\/\/new.t-c-c.at\/?page_id=112"},"modified":"2023-10-24T11:45:53","modified_gmt":"2023-10-24T11:45:53","slug":"datacenter","status":"publish","type":"page","link":"https:\/\/www.t-c-c.at\/?page_id=112","title":{"rendered":"Datacenter"},"content":{"rendered":"\n<p>Im UMIT-Geb\u00e4ude befindet sich unter anderem ein Datacenter der TCC, im welchem neben den Telekommunikationseinrichtungen auch die f\u00fcr den Betrieb notwendigen Serversysteme untergebracht sind.<\/p>\n\n\n\n<p>Auf vorerst 190 m\u00b2 Fl\u00e4che wurden R\u00e4umlichkeiten geschaffen, die zum Teil vermietet werden (TISCOVER, ARC, Wallak), zum anderen aber auch den Serversystemen der TCC und der Privaten Universit\u00e4t f\u00fcr Gesundheitswissenschaften, Medizinische Informatik und Technik (UMIT) Platz bieten werden. Neben unterbrechungsfreier Stromversorgung mit Akkuanlagen und Wechselrichteranlagen stehen auch ein Notstromdiesel sowie Raum\u00fcberwachung und Zutrittskontrolle zur Verf\u00fcgung.<\/p>\n\n\n\n<p>Um einen weitgehend ungest\u00f6rten Betrieb gew\u00e4hrleisten zu k\u00f6nnen, wurde im direkten Anschluss an das Datacenter ein Providerraum errichtet, der Telekommunikationsanbietern die M\u00f6glichkeit bietet, ihre Anbindungen zum Geb\u00e4udekomplex zu warten, ohne das eigentliche Datacenter mit seinen sensiblen Systemen betreten zu m\u00fcssen.<\/p>\n\n\n\n<p>Um wachsenden Anforderungen in der Zukunft gerecht werden zu k\u00f6nnen, wurde besonderes Augenmerk auf die Erweiterbarkeit der Datacenterfl\u00e4che gelegt.<\/p>\n\n\n\n<figure class=\"wp-block-image size-large\"><img decoding=\"async\" src=\"https:\/\/www.t-c-c.at\/wp-content\/uploads\/2023\/09\/dataceneter-2.jpg\" alt=\"\"\/><\/figure>\n","protected":false},"excerpt":{"rendered":"<p>Im UMIT-Geb\u00e4ude befindet sich unter anderem ein Datacenter der TCC, im welchem neben den Telekommunikationseinrichtungen auch die f\u00fcr den Betrieb<\/p>\n","protected":false},"author":1,"featured_media":0,"parent":0,"menu_order":0,"comment_status":"closed","ping_status":"closed","template":"","meta":{"colormag_page_container_layout":"default_layout","colormag_page_sidebar_layout":"default_layout","footnotes":""},"class_list":["post-112","page","type-page","status-publish","hentry"],"_links":{"self":[{"href":"https:\/\/www.t-c-c.at\/index.php?rest_route=\/wp\/v2\/pages\/112","targetHints":{"allow":["GET"]}}],"collection":[{"href":"https:\/\/www.t-c-c.at\/index.php?rest_route=\/wp\/v2\/pages"}],"about":[{"href":"https:\/\/www.t-c-c.at\/index.php?rest_route=\/wp\/v2\/types\/page"}],"author":[{"embeddable":true,"href":"https:\/\/www.t-c-c.at\/index.php?rest_route=\/wp\/v2\/users\/1"}],"replies":[{"embeddable":true,"href":"https:\/\/www.t-c-c.at\/index.php?rest_route=%2Fwp%2Fv2%2Fcomments&post=112"}],"version-history":[{"count":3,"href":"https:\/\/www.t-c-c.at\/index.php?rest_route=\/wp\/v2\/pages\/112\/revisions"}],"predecessor-version":[{"id":333,"href":"https:\/\/www.t-c-c.at\/index.php?rest_route=\/wp\/v2\/pages\/112\/revisions\/333"}],"wp:attachment":[{"href":"https:\/\/www.t-c-c.at\/index.php?rest_route=%2Fwp%2Fv2%2Fmedia&parent=112"}],"curies":[{"name":"wp","href":"https:\/\/api.w.org\/{rel}","templated":true}]}}