{"id":11,"date":"2023-09-18T10:46:29","date_gmt":"2023-09-18T10:46:29","guid":{"rendered":"https:\/\/new.t-c-c.at\/?page_id=11"},"modified":"2023-10-24T11:48:52","modified_gmt":"2023-10-24T11:48:52","slug":"home","status":"publish","type":"page","link":"https:\/\/www.t-c-c.at\/","title":{"rendered":"Home"},"content":{"rendered":"\n<p class=\"has-medium-font-size\">Tilak Competence Center<\/p>\n\n\n\n<p style=\"font-size:15px\">Wir haben f\u00fcr Sie einen modernen Geb\u00e4udekomplex mit Unterrichts-, B\u00fcro- und Konferenzr\u00e4umen auf dem Areal des Eduard-Walln\u00f6fer-Zentrums f\u00fcr Bildung und Innovation in Hall errichtet, der allen Anforderungen an ein Bildungszentrum f\u00fcr Forschung &amp; Lehre gerecht wird und ebenfalls das ideale Ambiente f\u00fcr repr\u00e4sentative Gro\u00dfveranstaltungen bietet.<\/p>\n\n\n\n<p style=\"font-size:15px\">Vorteile auf einen Blick<\/p>\n\n\n\n<ul class=\"wp-block-list\">\n<li style=\"font-size:15px\">moderne Architektur<\/li>\n\n\n\n<li style=\"font-size:15px\">perfekte Nutzung von Synergien durch gemeinschaftliches<br>Ressourcen-sharing<\/li>\n\n\n\n<li style=\"font-size:15px\">ideale Infrastruktur in attraktiver Umgebung<\/li>\n<\/ul>\n\n\n\n<figure class=\"wp-block-image size-large\"><img decoding=\"async\" src=\"https:\/\/www.t-c-c.at\/wp-content\/uploads\/2023\/09\/ewz.png\" alt=\"\"\/><\/figure>\n","protected":false},"excerpt":{"rendered":"<p>Tilak Competence Center Wir haben f\u00fcr Sie einen modernen Geb\u00e4udekomplex mit Unterrichts-, B\u00fcro- und Konferenzr\u00e4umen auf dem Areal des Eduard-Walln\u00f6fer-Zentrums<\/p>\n","protected":false},"author":1,"featured_media":0,"parent":0,"menu_order":0,"comment_status":"closed","ping_status":"closed","template":"","meta":{"colormag_page_container_layout":"default_layout","colormag_page_sidebar_layout":"default_layout","footnotes":""},"class_list":["post-11","page","type-page","status-publish","hentry"],"_links":{"self":[{"href":"https:\/\/www.t-c-c.at\/index.php?rest_route=\/wp\/v2\/pages\/11","targetHints":{"allow":["GET"]}}],"collection":[{"href":"https:\/\/www.t-c-c.at\/index.php?rest_route=\/wp\/v2\/pages"}],"about":[{"href":"https:\/\/www.t-c-c.at\/index.php?rest_route=\/wp\/v2\/types\/page"}],"author":[{"embeddable":true,"href":"https:\/\/www.t-c-c.at\/index.php?rest_route=\/wp\/v2\/users\/1"}],"replies":[{"embeddable":true,"href":"https:\/\/www.t-c-c.at\/index.php?rest_route=%2Fwp%2Fv2%2Fcomments&post=11"}],"version-history":[{"count":9,"href":"https:\/\/www.t-c-c.at\/index.php?rest_route=\/wp\/v2\/pages\/11\/revisions"}],"predecessor-version":[{"id":337,"href":"https:\/\/www.t-c-c.at\/index.php?rest_route=\/wp\/v2\/pages\/11\/revisions\/337"}],"wp:attachment":[{"href":"https:\/\/www.t-c-c.at\/index.php?rest_route=%2Fwp%2Fv2%2Fmedia&parent=11"}],"curies":[{"name":"wp","href":"https:\/\/api.w.org\/{rel}","templated":true}]}}