{"id":103,"date":"2023-09-18T12:48:47","date_gmt":"2023-09-18T12:48:47","guid":{"rendered":"https:\/\/new.t-c-c.at\/?page_id=103"},"modified":"2023-09-18T14:26:39","modified_gmt":"2023-09-18T14:26:39","slug":"competence-center-network","status":"publish","type":"page","link":"https:\/\/www.t-c-c.at\/?page_id=103","title":{"rendered":"Competence Center Network"},"content":{"rendered":"\n<h2 class=\"wp-block-heading has-medium-font-size\">Centermanagement-Leistungen<\/h2>\n\n\n\n<figure class=\"wp-block-table\"><table><tbody><tr><td><strong>Competence Center Netzwerk<\/strong><\/td><td><strong>TCC<\/strong><\/td><td><strong>PKH<\/strong><\/td><\/tr><tr><td>Center-Marketing<\/td><td>x<\/td><td>&nbsp;<\/td><\/tr><tr><td><strong>Datacenter<\/strong><\/td><td>&nbsp;<\/td><td>&nbsp;<\/td><\/tr><tr><td>Professionelles Rechenzentrum<\/td><td>x<\/td><td>&nbsp;<\/td><\/tr><tr><td>gesicherte und klimatisierte Datacenter-Einheiten<\/td><td>x<\/td><td>&nbsp;<\/td><\/tr><tr><td><strong>IT-Infrastruktur<\/strong><\/td><td>&nbsp;<\/td><td>&nbsp;<\/td><\/tr><tr><td>Netzwerke und Internetdienste<\/td><td>x<\/td><td>&nbsp;<\/td><\/tr><tr><td>Serverhousing und Hosting<\/td><td>x<\/td><td>&nbsp;<\/td><\/tr><tr><td>Beschaffung von Hardware und Software<\/td><td>x<\/td><td>&nbsp;<\/td><\/tr><tr><td>First und Second Level Services &#8211; Desktops und Servers<\/td><td>x<\/td><td>&nbsp;<\/td><\/tr><tr><td>Telefonie, Medien und Kommunkationstechnik<\/td><td>&nbsp;<\/td><td>&nbsp;<\/td><\/tr><tr><td><strong>Dienstleistungen<\/strong><\/td><td>x<\/td><td>&nbsp;<\/td><\/tr><tr><td>Veranstaltungsmanagement<\/td><td>x<\/td><td>&nbsp;<\/td><\/tr><tr><td>Ressourcenmanagement<\/td><td>x<\/td><td>&nbsp;<\/td><\/tr><tr><td>Callcenter\/Portier<\/td><td>x<\/td><td>&nbsp;<\/td><\/tr><tr><td>Catering<\/td><td>x U2\/Cafe<\/td><td>&nbsp;<\/td><\/tr><tr><td>Einkauf zu Gro\u00dfkundenkonditionen<\/td><td>x<\/td><td>&nbsp;<\/td><\/tr><tr><td>Finanzierungs- und Leasingmodelle f\u00fcr Hardware-Investitionen<\/td><td>x<\/td><td>&nbsp;<\/td><\/tr><tr><td><strong>Sonstige Infrastruktur<\/strong><\/td><td>&nbsp;<\/td><td>&nbsp;<\/td><\/tr><tr><td>Seminar- und Festr\u00e4ume, Gro\u00dfveranstaltungen, Konferenzr\u00e4ume<\/td><td>x<\/td><td>&nbsp;<\/td><\/tr><tr><td>Campus Hotel \/ Studentenheim<\/td><td>x<\/td><td>&nbsp;<\/td><\/tr><tr><td>Restaurationsbetriebe \/ Mensa<\/td><td>&nbsp;<\/td><td>x<\/td><\/tr><tr><td>Bankfiliale<\/td><td>x<\/td><td>&nbsp;<\/td><\/tr><tr><td>Kinderhort<\/td><td>x<\/td><td>&nbsp;<\/td><\/tr><tr><td>Fitnesseinrichtungen<\/td><td>x<\/td><td>&nbsp;<\/td><\/tr><tr><td>Krankenhaus<\/td><td>&nbsp;<\/td><td>x<\/td><\/tr><tr><td>Parking<\/td><td>x<\/td><\/tr><\/tbody><\/table><\/figure>\n","protected":false},"excerpt":{"rendered":"<p>Centermanagement-Leistungen Competence Center Netzwerk TCC PKH Center-Marketing x &nbsp; Datacenter &nbsp; &nbsp; Professionelles Rechenzentrum x &nbsp; gesicherte und klimatisierte Datacenter-Einheiten<\/p>\n","protected":false},"author":1,"featured_media":0,"parent":0,"menu_order":0,"comment_status":"closed","ping_status":"closed","template":"","meta":{"colormag_page_container_layout":"default_layout","colormag_page_sidebar_layout":"default_layout","footnotes":""},"class_list":["post-103","page","type-page","status-publish","hentry"],"_links":{"self":[{"href":"https:\/\/www.t-c-c.at\/index.php?rest_route=\/wp\/v2\/pages\/103","targetHints":{"allow":["GET"]}}],"collection":[{"href":"https:\/\/www.t-c-c.at\/index.php?rest_route=\/wp\/v2\/pages"}],"about":[{"href":"https:\/\/www.t-c-c.at\/index.php?rest_route=\/wp\/v2\/types\/page"}],"author":[{"embeddable":true,"href":"https:\/\/www.t-c-c.at\/index.php?rest_route=\/wp\/v2\/users\/1"}],"replies":[{"embeddable":true,"href":"https:\/\/www.t-c-c.at\/index.php?rest_route=%2Fwp%2Fv2%2Fcomments&post=103"}],"version-history":[{"count":3,"href":"https:\/\/www.t-c-c.at\/index.php?rest_route=\/wp\/v2\/pages\/103\/revisions"}],"predecessor-version":[{"id":248,"href":"https:\/\/www.t-c-c.at\/index.php?rest_route=\/wp\/v2\/pages\/103\/revisions\/248"}],"wp:attachment":[{"href":"https:\/\/www.t-c-c.at\/index.php?rest_route=%2Fwp%2Fv2%2Fmedia&parent=103"}],"curies":[{"name":"wp","href":"https:\/\/api.w.org\/{rel}","templated":true}]}}